{"id":101,"date":"2024-07-19T10:36:57","date_gmt":"2024-07-19T13:36:57","guid":{"rendered":"https:\/\/englishwithyourstruly.com\/?post_type=product&#038;p=101"},"modified":"2026-02-13T05:03:20","modified_gmt":"2026-02-13T08:03:20","slug":"conversational-plan-1-month","status":"publish","type":"product","link":"https:\/\/englishwithyourstruly.com\/pt\/produto\/conversational-plan-1-month\/","title":{"rendered":"Conversational Plan (1 Month)"},"content":{"rendered":"<p>Pronto para se tornar um mestre de ingl\u00eas com a ajuda de Yours Truly? \ud83d\ude42 Bora!<\/p>\n<p>O plano \"CONVERSA\u00c7\u00c3O\" \u00e9 uma inscri\u00e7\u00e3o mensal que inclue:<\/p>\n<div id=\"div_block-492-36\" class=\"ct-div-block horizontal items-center space-x-3 mb-3\">\n<ul>\n<li id=\"text_block-494-36\" class=\"ct-text-block font-bold color-dark\">4 Aulas Por M\u00eas<\/li>\n<li id=\"text_block-494-36\" class=\"ct-text-block font-bold color-dark\">Uma Chamada Mensal<\/li>\n<li id=\"text_block-494-36\" class=\"ct-text-block font-bold color-dark\">Conte\u00fados das Aulas<\/li>\n<li id=\"text_block-494-36\" class=\"ct-text-block font-bold color-dark\">Atendimento ao cliente de alta qualidade<\/li>\n<\/ul>\n<\/div>\n<p>J\u00e1 sabe que n\u00e3o vai lamentar essa compra! Venha fazer parte agora, para poder falar ingl\u00eas e alcan\u00e7ar as suas metas assim que poss\u00edvel! \ud83d\ude42 Estou empolgado <strong>para <\/strong>voc\u00ea!<\/p>","protected":false},"excerpt":{"rendered":"<p>Ready to step up your English game by learning with Yours Truly? \ud83d\ude42 Let's do this thing! The \"Conversational\" English plan is a monthly plan that includes: 4 Classes Per Month 1 Monthly Call Full High-Quality Content Top-notch email support You know you won't regret it! Get in now and let's get you speaking English [&hellip;]<\/p>\n","protected":false},"featured_media":56,"comment_status":"open","ping_status":"closed","template":"","meta":[],"product_brand":[],"product_cat":[20],"product_tag":[],"class_list":{"0":"post-101","1":"product","2":"type-product","3":"status-publish","4":"has-post-thumbnail","6":"product_cat-live-classes","8":"first","9":"instock","10":"sale","11":"virtual","12":"purchasable","13":"product-type-simple"},"_links":{"self":[{"href":"https:\/\/englishwithyourstruly.com\/pt\/wp-json\/wp\/v2\/product\/101","targetHints":{"allow":["GET"]}}],"collection":[{"href":"https:\/\/englishwithyourstruly.com\/pt\/wp-json\/wp\/v2\/product"}],"about":[{"href":"https:\/\/englishwithyourstruly.com\/pt\/wp-json\/wp\/v2\/types\/product"}],"replies":[{"embeddable":true,"href":"https:\/\/englishwithyourstruly.com\/pt\/wp-json\/wp\/v2\/comments?post=101"}],"wp:featuredmedia":[{"embeddable":true,"href":"https:\/\/englishwithyourstruly.com\/pt\/wp-json\/wp\/v2\/media\/56"}],"wp:attachment":[{"href":"https:\/\/englishwithyourstruly.com\/pt\/wp-json\/wp\/v2\/media?parent=101"}],"wp:term":[{"taxonomy":"product_brand","embeddable":true,"href":"https:\/\/englishwithyourstruly.com\/pt\/wp-json\/wp\/v2\/product_brand?post=101"},{"taxonomy":"product_cat","embeddable":true,"href":"https:\/\/englishwithyourstruly.com\/pt\/wp-json\/wp\/v2\/product_cat?post=101"},{"taxonomy":"product_tag","embeddable":true,"href":"https:\/\/englishwithyourstruly.com\/pt\/wp-json\/wp\/v2\/product_tag?post=101"}],"curies":[{"name":"wp","href":"https:\/\/api.w.org\/{rel}","templated":true}]}}